{"id":2709,"date":"2022-12-13T14:50:15","date_gmt":"2022-12-13T14:50:15","guid":{"rendered":"https:\/\/avantageconsulting.nl\/over-mij\/"},"modified":"2024-06-19T13:03:36","modified_gmt":"2024-06-19T13:03:36","slug":"ueber-nancy-oprinsen","status":"publish","type":"page","link":"https:\/\/avantageconsulting.nl\/de\/ueber-nancy-oprinsen\/","title":{"rendered":"\u00dcber Nancy Oprinsen"},"content":{"rendered":"\t\t<div data-elementor-type=\"wp-page\" data-elementor-id=\"2709\" class=\"elementor elementor-2709 elementor-280\" data-elementor-post-type=\"page\">\n\t\t\t\t\t\t<section class=\"elementor-section elementor-top-section elementor-element elementor-element-71598282 elementor-section-boxed elementor-section-height-default elementor-section-height-default\" data-id=\"71598282\" data-element_type=\"section\" data-settings=\"{&quot;animation&quot;:&quot;none&quot;,&quot;animation_delay&quot;:800,&quot;background_background&quot;:&quot;classic&quot;}\">\n\t\t\t\t\t\t<div class=\"elementor-container elementor-column-gap-default\">\n\t\t\t\t\t<div class=\"elementor-column elementor-col-50 elementor-top-column elementor-element elementor-element-60abd507\" data-id=\"60abd507\" data-element_type=\"column\" data-settings=\"{&quot;background_background&quot;:&quot;classic&quot;}\">\n\t\t\t<div class=\"elementor-widget-wrap elementor-element-populated\">\n\t\t\t\t\t\t<div class=\"elementor-element elementor-element-4f5e825 elementor-widget elementor-widget-heading\" data-id=\"4f5e825\" data-element_type=\"widget\" data-widget_type=\"heading.default\">\n\t\t\t\t<div class=\"elementor-widget-container\">\n\t\t\t\t\t<h2 class=\"elementor-heading-title elementor-size-default\"> \n\u00dcber Nancy Oprinsen\n<\/h2>\t\t\t\t<\/div>\n\t\t\t\t<\/div>\n\t\t\t\t<div class=\"elementor-element elementor-element-d51a648 elementor-widget elementor-widget-text-editor\" data-id=\"d51a648\" data-element_type=\"widget\" data-widget_type=\"text-editor.default\">\n\t\t\t\t<div class=\"elementor-widget-container\">\n\t\t\t\t\t\t\t\t\t<p>Mein Name ist Nancy Oprinsen, ich bin eine<strong> professionelle Trainerin und Beraterin in der Sch\u00f6nheitsbranche<\/strong>.<\/p><p>Mit mehr als 20 Jahren Erfahrung als selbstst\u00e4ndige Hautexpertin und mehr als einem Jahrzehnt Erfahrung in\u00a0 Kommunikation &amp; Verkauf in der Wirtschaft helfe ich Beauty Professionals dabei, die Soft Skills zu meistern, die f\u00fcr ihren Gesch\u00e4ftserfolg entscheidend sind.<\/p><p>Meine Trainingsprogramme konzentrieren sich auf die Verbesserung der Kundeninteraktion und stellen sicher, dass Sch\u00f6nheitsexperten nicht nur ihr Fach beherrschen, sondern vor allem auch in der Lage sind, <strong>dauerhafte und fruchtbare Kundenbeziehungen<\/strong> aufzubauen.<\/p><p>Zus\u00e4tzlich zu meinen Ausbildungen zur Hautexpertin und praktischen Erfahrungen habe ich einen Abschluss in Betriebswirtschaft und eine professionelle postgraduale Fachausbildung \u201eTrain the Trainer\u201c. Au\u00dferdem bin ich <strong>zertifizierter DISG Consultant<\/strong>.<\/p><p><strong>Meine Ausbildungen und Berufserfahrung machen mich zu einer Trainerin und Beraterin mit Einf\u00fchlungsverm\u00f6gen und einem Gesp\u00fcr f\u00fcr die Realit\u00e4ten der Leitung eines Instituts.<\/strong><\/p><p>M\u00f6chen Sie jeden Tag in Ihren Kalender schauen und sich wirklich auf jeden Kunden freuen, der kommt? Und jede Behandlung, die Sie anbieten, wirklich genie\u00dfen? Einfach Ihren Arbeitstag genie\u00dfen? M\u00f6chten Sie dabei noch ein gutes Gehalt verdienen?<\/p><p><strong>Wenn Sie noch nicht zufrieden sind, und Sie wissen, dass es besser sein k\u00f6nnte, bitte kontaktieren Sie mich. Dann schauen wir gemeinsam, wie ich Ihnen helfen kann.<\/strong><\/p>\t\t\t\t\t\t\t\t<\/div>\n\t\t\t\t<\/div>\n\t\t\t\t<section class=\"elementor-section elementor-inner-section elementor-element elementor-element-23eb1bc elementor-section-boxed elementor-section-height-default elementor-section-height-default\" data-id=\"23eb1bc\" data-element_type=\"section\">\n\t\t\t\t\t\t<div class=\"elementor-container elementor-column-gap-default\">\n\t\t\t\t\t<div class=\"elementor-column elementor-col-100 elementor-inner-column elementor-element elementor-element-3eea440\" data-id=\"3eea440\" data-element_type=\"column\">\n\t\t\t<div class=\"elementor-widget-wrap elementor-element-populated\">\n\t\t\t\t\t\t<div class=\"elementor-element elementor-element-1723705 elementor-align-left elementor-widget elementor-widget-button\" data-id=\"1723705\" data-element_type=\"widget\" data-widget_type=\"button.default\">\n\t\t\t\t<div class=\"elementor-widget-container\">\n\t\t\t\t\t\t\t\t\t<div class=\"elementor-button-wrapper\">\n\t\t\t\t\t<a class=\"elementor-button elementor-button-link elementor-size-sm\" href=\"https:\/\/avantageconsulting.nl\/de\/kontakt\/\">\n\t\t\t\t\t\t<span class=\"elementor-button-content-wrapper\">\n\t\t\t\t\t\t<span class=\"elementor-button-icon\">\n\t\t\t\t<i aria-hidden=\"true\" class=\"fas fa-phone-alt\"><\/i>\t\t\t<\/span>\n\t\t\t\t\t\t\t\t\t<span class=\"elementor-button-text\">Sind Sie neugierig, wie ich Ihnen helfen kann? Rufen Sie mich an!<\/span>\n\t\t\t\t\t<\/span>\n\t\t\t\t\t<\/a>\n\t\t\t\t<\/div>\n\t\t\t\t\t\t\t\t<\/div>\n\t\t\t\t<\/div>\n\t\t\t\t\t<\/div>\n\t\t<\/div>\n\t\t\t\t\t<\/div>\n\t\t<\/section>\n\t\t\t\t\t<\/div>\n\t\t<\/div>\n\t\t\t\t<div class=\"elementor-column elementor-col-50 elementor-top-column elementor-element elementor-element-2ece2142\" data-id=\"2ece2142\" data-element_type=\"column\" data-settings=\"{&quot;background_background&quot;:&quot;classic&quot;}\">\n\t\t\t<div class=\"elementor-widget-wrap elementor-element-populated\">\n\t\t\t\t\t\t<div class=\"elementor-element elementor-element-17b29bb elementor-widget elementor-widget-image\" data-id=\"17b29bb\" data-element_type=\"widget\" data-widget_type=\"image.default\">\n\t\t\t\t<div class=\"elementor-widget-container\">\n\t\t\t\t\t\t\t\t\t\t\t\t\t\t\t<img fetchpriority=\"high\" decoding=\"async\" width=\"720\" height=\"1080\" src=\"https:\/\/avantageconsulting.nl\/wp-content\/uploads\/2023\/02\/Avantage-Consulting-21-scaled.jpg\" class=\"attachment-full size-full wp-image-2670\" alt=\"Nancy Oprinsen Personal Leadership Training | Avantage Consulting\" srcset=\"https:\/\/avantageconsulting.nl\/wp-content\/uploads\/2023\/02\/Avantage-Consulting-21-scaled.jpg 720w, https:\/\/avantageconsulting.nl\/wp-content\/uploads\/2023\/02\/Avantage-Consulting-21-200x300.jpg 200w, https:\/\/avantageconsulting.nl\/wp-content\/uploads\/2023\/02\/Avantage-Consulting-21-683x1024.jpg 683w, https:\/\/avantageconsulting.nl\/wp-content\/uploads\/2023\/02\/Avantage-Consulting-21-768x1152.jpg 768w, https:\/\/avantageconsulting.nl\/wp-content\/uploads\/2023\/02\/Avantage-Consulting-21-1024x1536.jpg 1024w, https:\/\/avantageconsulting.nl\/wp-content\/uploads\/2023\/02\/Avantage-Consulting-21-1366x2048.jpg 1366w\" sizes=\"(max-width: 720px) 100vw, 720px\" \/>\t\t\t\t\t\t\t\t\t\t\t\t\t\t\t<\/div>\n\t\t\t\t<\/div>\n\t\t\t\t\t<\/div>\n\t\t<\/div>\n\t\t\t\t\t<\/div>\n\t\t<\/section>\n\t\t\t\t<section class=\"elementor-section elementor-top-section elementor-element elementor-element-41ba270 elementor-section-boxed elementor-section-height-default elementor-section-height-default\" data-id=\"41ba270\" data-element_type=\"section\" data-settings=\"{&quot;background_background&quot;:&quot;classic&quot;}\">\n\t\t\t\t\t\t<div class=\"elementor-container elementor-column-gap-default\">\n\t\t\t\t\t<div class=\"elementor-column elementor-col-100 elementor-top-column elementor-element elementor-element-966d977\" data-id=\"966d977\" data-element_type=\"column\">\n\t\t\t<div class=\"elementor-widget-wrap elementor-element-populated\">\n\t\t\t\t\t\t<div class=\"elementor-element elementor-element-86d7e4d elementor-blockquote--skin-quotation elementor-blockquote--align-center elementor-widget elementor-widget-blockquote\" data-id=\"86d7e4d\" data-element_type=\"widget\" data-widget_type=\"blockquote.default\">\n\t\t\t\t<div class=\"elementor-widget-container\">\n\t\t\t\t\t\t\t<blockquote class=\"elementor-blockquote\">\n\t\t\t<p class=\"elementor-blockquote__content\">\n\t\t\t\tWenn Sie anfangen, das zu tun, was Sie gerne tun,<br>\nwerden Sie nie wieder einen Tag in Ihrem Leben arbeiten\n\n\t\t\t<\/p>\n\t\t\t\t\t\t\t<div class=\"e-q-footer\">\n\t\t\t\t\t\t\t\t\t\t\t<cite class=\"elementor-blockquote__author\">Brian Tracy<\/cite>\n\t\t\t\t\t\t\t\t\t\t\t\t\t\t<\/div>\n\t\t\t\t\t<\/blockquote>\n\t\t\t\t\t\t<\/div>\n\t\t\t\t<\/div>\n\t\t\t\t\t<\/div>\n\t\t<\/div>\n\t\t\t\t\t<\/div>\n\t\t<\/section>\n\t\t\t\t<\/div>\n\t\t","protected":false},"excerpt":{"rendered":"<p>\u00dcber Nancy Oprinsen Mein Name ist Nancy Oprinsen, ich bin eine professionelle Trainerin und Beraterin in der Sch\u00f6nheitsbranche. Mit mehr als 20 Jahren Erfahrung als selbstst\u00e4ndige Hautexpertin und mehr als einem Jahrzehnt Erfahrung in\u00a0 Kommunikation &amp; Verkauf in der Wirtschaft helfe ich Beauty Professionals dabei, die Soft Skills zu meistern, die f\u00fcr ihren Gesch\u00e4ftserfolg entscheidend [&hellip;]<\/p>\n","protected":false},"author":4,"featured_media":0,"parent":0,"menu_order":0,"comment_status":"closed","ping_status":"closed","template":"","meta":{"footnotes":""},"class_list":["post-2709","page","type-page","status-publish","hentry"],"yoast_head":"<!-- This site is optimized with the Yoast SEO plugin v27.5 - https:\/\/yoast.com\/product\/yoast-seo-wordpress\/ -->\n<title>\u00dcber Nancy Oprinsen - Avantage Consulting<\/title>\n<meta name=\"description\" content=\"Ich kann es kaum erwarten, Ihnen mit meiner Erfahrung zu helfen, das volle Potenzial aus Ihnen und Ihrem Salon herauszuholen.\" \/>\n<meta name=\"robots\" content=\"index, follow, max-snippet:-1, max-image-preview:large, max-video-preview:-1\" \/>\n<link rel=\"canonical\" href=\"https:\/\/avantageconsulting.nl\/de\/ueber-nancy-oprinsen\/\" \/>\n<meta property=\"og:locale\" content=\"de_DE\" \/>\n<meta property=\"og:type\" content=\"article\" \/>\n<meta property=\"og:title\" content=\"\u00dcber Nancy Oprinsen - Avantage Consulting\" \/>\n<meta property=\"og:description\" content=\"Ich kann es kaum erwarten, Ihnen mit meiner Erfahrung zu helfen, das volle Potenzial aus Ihnen und Ihrem Salon herauszuholen.\" \/>\n<meta property=\"og:url\" content=\"https:\/\/avantageconsulting.nl\/de\/ueber-nancy-oprinsen\/\" \/>\n<meta property=\"og:site_name\" content=\"Avantage Consulting\" \/>\n<meta property=\"article:modified_time\" content=\"2024-06-19T13:03:36+00:00\" \/>\n<meta property=\"og:image\" content=\"https:\/\/avantageconsulting.nl\/wp-content\/uploads\/2023\/02\/Avantage-Consulting-21-scaled.jpg\" \/>\n<meta name=\"twitter:card\" content=\"summary_large_image\" \/>\n<meta name=\"twitter:label1\" content=\"Gesch\u00e4tzte Lesezeit\" \/>\n\t<meta name=\"twitter:data1\" content=\"2\u00a0Minuten\" \/>\n<script type=\"application\/ld+json\" class=\"yoast-schema-graph\">{\"@context\":\"https:\\\/\\\/schema.org\",\"@graph\":[{\"@type\":\"WebPage\",\"@id\":\"https:\\\/\\\/avantageconsulting.nl\\\/de\\\/ueber-nancy-oprinsen\\\/\",\"url\":\"https:\\\/\\\/avantageconsulting.nl\\\/de\\\/ueber-nancy-oprinsen\\\/\",\"name\":\"\u00dcber Nancy Oprinsen - Avantage Consulting\",\"isPartOf\":{\"@id\":\"https:\\\/\\\/avantageconsulting.nl\\\/de\\\/#website\"},\"primaryImageOfPage\":{\"@id\":\"https:\\\/\\\/avantageconsulting.nl\\\/de\\\/ueber-nancy-oprinsen\\\/#primaryimage\"},\"image\":{\"@id\":\"https:\\\/\\\/avantageconsulting.nl\\\/de\\\/ueber-nancy-oprinsen\\\/#primaryimage\"},\"thumbnailUrl\":\"https:\\\/\\\/avantageconsulting.nl\\\/wp-content\\\/uploads\\\/2023\\\/02\\\/Avantage-Consulting-21-scaled.jpg\",\"datePublished\":\"2022-12-13T14:50:15+00:00\",\"dateModified\":\"2024-06-19T13:03:36+00:00\",\"description\":\"Ich kann es kaum erwarten, Ihnen mit meiner Erfahrung zu helfen, das volle Potenzial aus Ihnen und Ihrem Salon herauszuholen.\",\"breadcrumb\":{\"@id\":\"https:\\\/\\\/avantageconsulting.nl\\\/de\\\/ueber-nancy-oprinsen\\\/#breadcrumb\"},\"inLanguage\":\"de\",\"potentialAction\":[{\"@type\":\"ReadAction\",\"target\":[\"https:\\\/\\\/avantageconsulting.nl\\\/de\\\/ueber-nancy-oprinsen\\\/\"]}]},{\"@type\":\"ImageObject\",\"inLanguage\":\"de\",\"@id\":\"https:\\\/\\\/avantageconsulting.nl\\\/de\\\/ueber-nancy-oprinsen\\\/#primaryimage\",\"url\":\"https:\\\/\\\/avantageconsulting.nl\\\/wp-content\\\/uploads\\\/2023\\\/02\\\/Avantage-Consulting-21-scaled.jpg\",\"contentUrl\":\"https:\\\/\\\/avantageconsulting.nl\\\/wp-content\\\/uploads\\\/2023\\\/02\\\/Avantage-Consulting-21-scaled.jpg\"},{\"@type\":\"BreadcrumbList\",\"@id\":\"https:\\\/\\\/avantageconsulting.nl\\\/de\\\/ueber-nancy-oprinsen\\\/#breadcrumb\",\"itemListElement\":[{\"@type\":\"ListItem\",\"position\":1,\"name\":\"Home\",\"item\":\"https:\\\/\\\/avantageconsulting.nl\\\/de\\\/\"},{\"@type\":\"ListItem\",\"position\":2,\"name\":\"\u00dcber Nancy Oprinsen\"}]},{\"@type\":\"WebSite\",\"@id\":\"https:\\\/\\\/avantageconsulting.nl\\\/de\\\/#website\",\"url\":\"https:\\\/\\\/avantageconsulting.nl\\\/de\\\/\",\"name\":\"Avantage Consulting Nancy Oprinsen - The Business of Beauty\",\"description\":\"Nancy Oprinsen Sales Training\",\"publisher\":{\"@id\":\"https:\\\/\\\/avantageconsulting.nl\\\/de\\\/#organization\"},\"potentialAction\":[{\"@type\":\"SearchAction\",\"target\":{\"@type\":\"EntryPoint\",\"urlTemplate\":\"https:\\\/\\\/avantageconsulting.nl\\\/de\\\/?s={search_term_string}\"},\"query-input\":{\"@type\":\"PropertyValueSpecification\",\"valueRequired\":true,\"valueName\":\"search_term_string\"}}],\"inLanguage\":\"de\"},{\"@type\":\"Organization\",\"@id\":\"https:\\\/\\\/avantageconsulting.nl\\\/de\\\/#organization\",\"name\":\"Avantage Consulting Nancy Oprinsen\",\"url\":\"https:\\\/\\\/avantageconsulting.nl\\\/de\\\/\",\"logo\":{\"@type\":\"ImageObject\",\"inLanguage\":\"de\",\"@id\":\"https:\\\/\\\/avantageconsulting.nl\\\/de\\\/#\\\/schema\\\/logo\\\/image\\\/\",\"url\":\"https:\\\/\\\/avantageconsulting.nl\\\/wp-content\\\/uploads\\\/2023\\\/02\\\/Avantage-Consulting-Pruple.png\",\"contentUrl\":\"https:\\\/\\\/avantageconsulting.nl\\\/wp-content\\\/uploads\\\/2023\\\/02\\\/Avantage-Consulting-Pruple.png\",\"width\":509,\"height\":145,\"caption\":\"Avantage Consulting Nancy Oprinsen\"},\"image\":{\"@id\":\"https:\\\/\\\/avantageconsulting.nl\\\/de\\\/#\\\/schema\\\/logo\\\/image\\\/\"},\"sameAs\":[\"https:\\\/\\\/www.linkedin.com\\\/in\\\/nancy-oprinsen\\\/\"]}]}<\/script>\n<!-- \/ Yoast SEO plugin. -->","yoast_head_json":{"title":"\u00dcber Nancy Oprinsen - Avantage Consulting","description":"Ich kann es kaum erwarten, Ihnen mit meiner Erfahrung zu helfen, das volle Potenzial aus Ihnen und Ihrem Salon herauszuholen.","robots":{"index":"index","follow":"follow","max-snippet":"max-snippet:-1","max-image-preview":"max-image-preview:large","max-video-preview":"max-video-preview:-1"},"canonical":"https:\/\/avantageconsulting.nl\/de\/ueber-nancy-oprinsen\/","og_locale":"de_DE","og_type":"article","og_title":"\u00dcber Nancy Oprinsen - Avantage Consulting","og_description":"Ich kann es kaum erwarten, Ihnen mit meiner Erfahrung zu helfen, das volle Potenzial aus Ihnen und Ihrem Salon herauszuholen.","og_url":"https:\/\/avantageconsulting.nl\/de\/ueber-nancy-oprinsen\/","og_site_name":"Avantage Consulting","article_modified_time":"2024-06-19T13:03:36+00:00","og_image":[{"url":"https:\/\/avantageconsulting.nl\/wp-content\/uploads\/2023\/02\/Avantage-Consulting-21-scaled.jpg","type":"","width":"","height":""}],"twitter_card":"summary_large_image","twitter_misc":{"Gesch\u00e4tzte Lesezeit":"2\u00a0Minuten"},"schema":{"@context":"https:\/\/schema.org","@graph":[{"@type":"WebPage","@id":"https:\/\/avantageconsulting.nl\/de\/ueber-nancy-oprinsen\/","url":"https:\/\/avantageconsulting.nl\/de\/ueber-nancy-oprinsen\/","name":"\u00dcber Nancy Oprinsen - Avantage Consulting","isPartOf":{"@id":"https:\/\/avantageconsulting.nl\/de\/#website"},"primaryImageOfPage":{"@id":"https:\/\/avantageconsulting.nl\/de\/ueber-nancy-oprinsen\/#primaryimage"},"image":{"@id":"https:\/\/avantageconsulting.nl\/de\/ueber-nancy-oprinsen\/#primaryimage"},"thumbnailUrl":"https:\/\/avantageconsulting.nl\/wp-content\/uploads\/2023\/02\/Avantage-Consulting-21-scaled.jpg","datePublished":"2022-12-13T14:50:15+00:00","dateModified":"2024-06-19T13:03:36+00:00","description":"Ich kann es kaum erwarten, Ihnen mit meiner Erfahrung zu helfen, das volle Potenzial aus Ihnen und Ihrem Salon herauszuholen.","breadcrumb":{"@id":"https:\/\/avantageconsulting.nl\/de\/ueber-nancy-oprinsen\/#breadcrumb"},"inLanguage":"de","potentialAction":[{"@type":"ReadAction","target":["https:\/\/avantageconsulting.nl\/de\/ueber-nancy-oprinsen\/"]}]},{"@type":"ImageObject","inLanguage":"de","@id":"https:\/\/avantageconsulting.nl\/de\/ueber-nancy-oprinsen\/#primaryimage","url":"https:\/\/avantageconsulting.nl\/wp-content\/uploads\/2023\/02\/Avantage-Consulting-21-scaled.jpg","contentUrl":"https:\/\/avantageconsulting.nl\/wp-content\/uploads\/2023\/02\/Avantage-Consulting-21-scaled.jpg"},{"@type":"BreadcrumbList","@id":"https:\/\/avantageconsulting.nl\/de\/ueber-nancy-oprinsen\/#breadcrumb","itemListElement":[{"@type":"ListItem","position":1,"name":"Home","item":"https:\/\/avantageconsulting.nl\/de\/"},{"@type":"ListItem","position":2,"name":"\u00dcber Nancy Oprinsen"}]},{"@type":"WebSite","@id":"https:\/\/avantageconsulting.nl\/de\/#website","url":"https:\/\/avantageconsulting.nl\/de\/","name":"Avantage Consulting Nancy Oprinsen - The Business of Beauty","description":"Nancy Oprinsen Sales Training","publisher":{"@id":"https:\/\/avantageconsulting.nl\/de\/#organization"},"potentialAction":[{"@type":"SearchAction","target":{"@type":"EntryPoint","urlTemplate":"https:\/\/avantageconsulting.nl\/de\/?s={search_term_string}"},"query-input":{"@type":"PropertyValueSpecification","valueRequired":true,"valueName":"search_term_string"}}],"inLanguage":"de"},{"@type":"Organization","@id":"https:\/\/avantageconsulting.nl\/de\/#organization","name":"Avantage Consulting Nancy Oprinsen","url":"https:\/\/avantageconsulting.nl\/de\/","logo":{"@type":"ImageObject","inLanguage":"de","@id":"https:\/\/avantageconsulting.nl\/de\/#\/schema\/logo\/image\/","url":"https:\/\/avantageconsulting.nl\/wp-content\/uploads\/2023\/02\/Avantage-Consulting-Pruple.png","contentUrl":"https:\/\/avantageconsulting.nl\/wp-content\/uploads\/2023\/02\/Avantage-Consulting-Pruple.png","width":509,"height":145,"caption":"Avantage Consulting Nancy Oprinsen"},"image":{"@id":"https:\/\/avantageconsulting.nl\/de\/#\/schema\/logo\/image\/"},"sameAs":["https:\/\/www.linkedin.com\/in\/nancy-oprinsen\/"]}]}},"_links":{"self":[{"href":"https:\/\/avantageconsulting.nl\/de\/wp-json\/wp\/v2\/pages\/2709","targetHints":{"allow":["GET"]}}],"collection":[{"href":"https:\/\/avantageconsulting.nl\/de\/wp-json\/wp\/v2\/pages"}],"about":[{"href":"https:\/\/avantageconsulting.nl\/de\/wp-json\/wp\/v2\/types\/page"}],"author":[{"embeddable":true,"href":"https:\/\/avantageconsulting.nl\/de\/wp-json\/wp\/v2\/users\/4"}],"replies":[{"embeddable":true,"href":"https:\/\/avantageconsulting.nl\/de\/wp-json\/wp\/v2\/comments?post=2709"}],"version-history":[{"count":0,"href":"https:\/\/avantageconsulting.nl\/de\/wp-json\/wp\/v2\/pages\/2709\/revisions"}],"wp:attachment":[{"href":"https:\/\/avantageconsulting.nl\/de\/wp-json\/wp\/v2\/media?parent=2709"}],"curies":[{"name":"wp","href":"https:\/\/api.w.org\/{rel}","templated":true}]}}